{"id":116,"date":"2015-04-12T00:20:21","date_gmt":"2015-04-11T22:20:21","guid":{"rendered":"http:\/\/frestelser.se\/?page_id=116"},"modified":"2025-08-04T13:41:12","modified_gmt":"2025-08-04T11:41:12","slug":"resultat","status":"publish","type":"page","link":"https:\/\/triathlon.nu\/karl\/resultat\/","title":{"rendered":"T\u00e4vlingsresultat och personb\u00e4sta"},"content":{"rendered":"\n<p>H\u00e4r g\u00f6r jag mitt b\u00e4sta f\u00f6r att samla idrottsliga prestationer!<\/p>\n\n\n\n<h2 class=\"wp-block-heading\">Resultat<\/h2>\n\n\n\n<h3 class=\"wp-block-heading\">Triathlon<\/h3>\n\n\n\n<ul class=\"wp-block-list\">\n<li>Kalmar Ironman 2024: 09:48:57\n<ul class=\"wp-block-list\">\n<li>Sim: 0:58:06<\/li>\n\n\n\n<li>Cykel: 4:56:18<\/li>\n\n\n\n<li>L\u00f6p: 3:46:07<\/li>\n<\/ul>\n<\/li>\n\n\n\n<li>Kalmar Ironman 2022: 10:15:46\n<ul class=\"wp-block-list\">\n<li>Sim: 1:04:32<\/li>\n\n\n\n<li>Cykel: 5:00:53<\/li>\n\n\n\n<li>L\u00f6p: 4:03:52<\/li>\n<\/ul>\n<\/li>\n\n\n\n<li>Kalmar Ironman 2017: 11:26:06\n<ul class=\"wp-block-list\">\n<li>Sim: 1:12:21<\/li>\n\n\n\n<li>Cykel: 5:32:21<\/li>\n\n\n\n<li>L\u00f6p: 4:35:13<\/li>\n<\/ul>\n<\/li>\n\n\n\n<li>Karlmar Ironman 2016: 09:56:22\n<ul class=\"wp-block-list\">\n<li>Sim: 1:03:59<\/li>\n\n\n\n<li>Cykel: 5:04:34<\/li>\n\n\n\n<li>L\u00f6p: 3:42:25<\/li>\n<\/ul>\n<\/li>\n\n\n\n<li>Kalmar Ironman 2015: 12:22:24\n<ul class=\"wp-block-list\">\n<li>Sim: 01:18:14<\/li>\n\n\n\n<li>V\u00e4xling 1: 00:03:36<\/li>\n\n\n\n<li>Cykel: 06:13:33<\/li>\n\n\n\n<li>V\u00e4xling 2: 00:04:00<\/li>\n\n\n\n<li>L\u00f6p: 04:43:01<\/li>\n<\/ul>\n<\/li>\n<\/ul>\n\n\n\n<ul class=\"wp-block-list\">\n<li>Tj\u00f6rn triathlon, 2014 (halvironmandistans): 5:01:53\n<ul class=\"wp-block-list\">\n<li>Sim: 00:36:43<\/li>\n\n\n\n<li>Cykel: 2:42:35<\/li>\n\n\n\n<li>L\u00f6p: 01:35:35<\/li>\n<\/ul>\n<\/li>\n\n\n\n<li>G\u00f6ta Kanal triathlon, 2014, olympisk distans:\n<ul class=\"wp-block-list\">\n<li><span style=\"font-size: 19.2px;\">Simning (1500 m) : 00:27:47 (3,24 km \/ h)<\/span><\/li>\n\n\n\n<li><span style=\"font-size: 19.2px;\">V\u00e4xling 1: 00:02:02<\/span><\/li>\n\n\n\n<li><span style=\"font-size: 19.2px;\">Cykling (38 km): 01:10:22 (32,56 km \/ h)<\/span><\/li>\n\n\n\n<li><span style=\"font-size: 19.2px;\">V\u00e4xling 2: 00:00:55<\/span><\/li>\n\n\n\n<li><span style=\"font-size: 19.2px;\">L\u00f6pning Varv 1: 00:21:11<\/span><\/li>\n\n\n\n<li><span style=\"font-size: 19.2px;\">L\u00f6pning (9,5 km): 00:42:01 (4:25,2 \/ km)<br><\/span><\/li>\n<\/ul>\n<\/li>\n<\/ul>\n\n\n\n<h3 class=\"wp-block-heading\">L\u00f6pning<\/h3>\n\n\n\n<ul class=\"wp-block-list\">\n<li>G\u00f6teborgsvarvet, 2025: 1:40:19, placering 4503 (totalt) (4080 bland m\u00e4n, 782 i \u00e5ldersklass)<\/li>\n\n\n\n<li>G\u00f6teborg Marathon, 2024, (halvmarathon): 1:36:07, placering 175 (totatalt) (154 bland m\u00e4n av 452)<\/li>\n\n\n\n<li>G\u00f6teborgsvarvet, 2024: 1:29:43, placering 843 (totalt) (804 bland m\u00e4n, 166 i \u00e5ldersklass)<\/li>\n\n\n\n<li>G\u00f6teborg Marathon, 2023, (halvmarathon): 01:32:15, placering 116 (totalt) (106 bland m\u00e4n av 302)<\/li>\n\n\n\n<li>G\u00f6teborgsvarvet, 2015: 1:44:06, placering<\/li>\n\n\n\n<li>G\u00f6teborgsvarvet, 2014: 01:33:32, placering 2031<\/li>\n\n\n\n<li>G\u00f6teborgsvarvet, 2013:&nbsp;01:36:37, placering 1270<\/li>\n\n\n\n<li>G\u00f6teborgsvarvets seedningslopp 2013, 40:51<\/li>\n\n\n\n<li>Sylvesterloppet, 2012-12-31, 41:43, placering ?, 10 km<\/li>\n\n\n\n<li>S\u00e4vedalsloppet, 2012-10-20, 43:25, placering 82, 10 km (<a title=\"S\u00e4vedalsloppet \u2013 10 km \u2013 43:25! Och om att ge upp\u2026\" href=\"http:\/\/frestelser.se\/savedalsloppet-10-km-4325-och-om-att-ge-upp\/\">L\u00e4s om loppet och min prestation<\/a>)<\/li>\n\n\n\n<li>Midnattsloppet, 2012-08-25, 43:24, placering 388, 10 km<\/li>\n\n\n\n<li>G\u00f6teborgsvarvet, 2012, 1:47:54, placering 10857, Halvmarathon<\/li>\n\n\n\n<li>G\u00f6teborgsvarvet, 2011, 1:52:51, placering 13397, Halvmarathon<\/li>\n\n\n\n<li>G\u00f6teborgsvarvet, 2010, 1:50:53, placering 6965, Halvmarathon<\/li>\n\n\n\n<li>G\u00f6teborgsvarvet, 2009, 1:54:12, placering 14096, Halvmarathon<\/li>\n\n\n\n<li>G\u00f6teborgsvarvet, 2008, 1:45:57, placering 8325, Halvmarathon<\/li>\n<\/ul>\n\n\n\n<h3 class=\"wp-block-heading\">Skid\u00e5kning<\/h3>\n\n\n\n<ul class=\"wp-block-list\">\n<li>Vasaloppet, 2013, 90 km,&nbsp;06:48:21<\/li>\n\n\n\n<li>Ymerloppet, 2013, 42 km, 2:45:18<\/li>\n\n\n\n<li>Vasaloppet, 2011, 90 km, 09:57:11<\/li>\n\n\n\n<li>Ymerloppet, 2011, 42 km, 3:40:59<\/li>\n<\/ul>\n\n\n\n<h3 class=\"wp-block-heading\">Styrketr\u00e4ning<\/h3>\n\n\n\n<p>Jod\u00e5&#8230; jag \u00e4r stark som en h\u00e4st!<\/p>\n","protected":false},"excerpt":{"rendered":"<p>H\u00e4r g\u00f6r jag mitt b\u00e4sta f\u00f6r att samla idrottsliga prestationer! Resultat Triathlon L\u00f6pning Skid\u00e5kning Styrketr\u00e4ning Jod\u00e5&#8230; jag \u00e4r stark som en h\u00e4st!<\/p>\n","protected":false},"author":1,"featured_media":0,"parent":0,"menu_order":0,"comment_status":"open","ping_status":"open","template":"","meta":{"footnotes":""},"class_list":["post-116","page","type-page","status-publish","hentry"],"_links":{"self":[{"href":"https:\/\/triathlon.nu\/karl\/wp-json\/wp\/v2\/pages\/116","targetHints":{"allow":["GET"]}}],"collection":[{"href":"https:\/\/triathlon.nu\/karl\/wp-json\/wp\/v2\/pages"}],"about":[{"href":"https:\/\/triathlon.nu\/karl\/wp-json\/wp\/v2\/types\/page"}],"author":[{"embeddable":true,"href":"https:\/\/triathlon.nu\/karl\/wp-json\/wp\/v2\/users\/1"}],"replies":[{"embeddable":true,"href":"https:\/\/triathlon.nu\/karl\/wp-json\/wp\/v2\/comments?post=116"}],"version-history":[{"count":7,"href":"https:\/\/triathlon.nu\/karl\/wp-json\/wp\/v2\/pages\/116\/revisions"}],"predecessor-version":[{"id":906,"href":"https:\/\/triathlon.nu\/karl\/wp-json\/wp\/v2\/pages\/116\/revisions\/906"}],"wp:attachment":[{"href":"https:\/\/triathlon.nu\/karl\/wp-json\/wp\/v2\/media?parent=116"}],"curies":[{"name":"wp","href":"https:\/\/api.w.org\/{rel}","templated":true}]}}